{"id":3252,"date":"2025-09-03T11:20:50","date_gmt":"2025-09-03T09:20:50","guid":{"rendered":"https:\/\/www.gsconsult.de\/?page_id=3252"},"modified":"2025-09-08T12:39:10","modified_gmt":"2025-09-08T10:39:10","slug":"barrierefreiheit","status":"publish","type":"page","link":"https:\/\/www.gsconsult.de\/en\/barrierefreiheit\/","title":{"rendered":"Barrierefreiheit"},"content":{"rendered":"<div data-elementor-type=\"wp-page\" data-elementor-id=\"3252\" class=\"elementor elementor-3252\" data-elementor-post-type=\"page\">\n\t\t\t\t<div data-dce-background-overlay-color=\"#001134\" data-dce-background-image-url=\"https:\/\/www.gsconsult.de\/wp-content\/uploads\/2025\/09\/gs_consult_ap-107-1920px.jpg\" class=\"elementor-element elementor-element-64ccc66 e-flex e-con-boxed e-con e-parent\" data-id=\"64ccc66\" data-element_type=\"container\" data-e-type=\"container\" data-settings=\"{&quot;background_background&quot;:&quot;classic&quot;,&quot;shape_divider_bottom&quot;:&quot;curve&quot;,&quot;shape_divider_bottom_negative&quot;:&quot;yes&quot;}\">\n\t\t\t\t\t<div class=\"e-con-inner\">\n\t\t\t\t<div class=\"elementor-shape elementor-shape-bottom\" aria-hidden=\"true\" data-negative=\"true\">\n\t\t\t<svg xmlns=\"http:\/\/www.w3.org\/2000\/svg\" viewbox=\"0 0 1000 100\" preserveaspectratio=\"none\">\n\t<path class=\"elementor-shape-fill\" d=\"M500,97C126.7,96.3,0.8,19.8,0,0v100l1000,0V1C1000,19.4,873.3,97.8,500,97z\"\/>\n<\/svg>\t\t<\/div>\n\t\t<div class=\"elementor-element elementor-element-0181499 e-con-full e-flex e-con e-child\" data-id=\"0181499\" data-element_type=\"container\" data-e-type=\"container\" data-settings=\"{&quot;background_background&quot;:&quot;classic&quot;}\">\n\t\t\t\t<div data-dce-title-color=\"#ffffff\" class=\"elementor-element elementor-element-9601abe elementor-headline--style-highlight elementor-invisible elementor-widget elementor-widget-animated-headline\" data-id=\"9601abe\" data-element_type=\"widget\" data-e-type=\"widget\" data-settings=\"{&quot;highlighted_text&quot;:&quot;Barrierefreiheit&quot;,&quot;marker&quot;:&quot;strikethrough&quot;,&quot;highlight_animation_duration&quot;:5000,&quot;_animation&quot;:&quot;fadeInRight&quot;,&quot;_animation_delay&quot;:200,&quot;headline_style&quot;:&quot;highlight&quot;}\" data-widget_type=\"animated-headline.default\">\n\t\t\t\t<div class=\"elementor-widget-container\">\n\t\t\t\t\t\t\t<h3 class=\"elementor-headline\">\n\t\t\t\t<span class=\"elementor-headline-dynamic-wrapper elementor-headline-text-wrapper\">\n\t\t\t\t\t<span class=\"elementor-headline-dynamic-text elementor-headline-text-active\">Barrierefreiheit<\/span>\n\t\t\t\t<\/span>\n\t\t\t\t<\/h3>\n\t\t\t\t\t\t<\/div>\n\t\t\t\t<\/div>\n\t\t\t\t<\/div>\n\t\t\t\t\t<\/div>\n\t\t\t\t<\/div>\n\t\t<div data-dce-background-image-url=\"https:\/\/www.gsconsult.de\/wp-content\/uploads\/2025\/06\/favicon_gs.svg\" class=\"elementor-element elementor-element-a534cda e-flex e-con-boxed e-con e-parent\" data-id=\"a534cda\" data-element_type=\"container\" data-e-type=\"container\" data-settings=\"{&quot;background_background&quot;:&quot;classic&quot;}\">\n\t\t\t\t\t<div class=\"e-con-inner\">\n\t\t\t\t<div class=\"elementor-element elementor-element-b8fef3f elementor-widget elementor-widget-text-editor\" data-id=\"b8fef3f\" data-element_type=\"widget\" data-e-type=\"widget\" data-widget_type=\"text-editor.default\">\n\t\t\t\t<div class=\"elementor-widget-container\">\n\t\t\t\t\t\t\t\t\t<p><strong>Stand:<\/strong> 03.09.2025<\/p><p>Diese Erkl\u00e4rung zur Barrierefreiheit gilt f\u00fcr die Website:<br \/><a href=\"https:\/\/www.gsconsult.de\/en\/\">https:\/\/www.gsconsult.de<\/a><\/p><p><strong>Verantwortlich:<\/strong><br \/>Giovanni Sciurba Consult<br \/>Gesellschaft f\u00fcr Beratung und Training mbH<br \/>Cloppenburger Stra\u00dfe 18<br \/>26135 Oldenburg<br \/>Telefon: +49 (0) 441 \/ 219 805 90<br \/>Telefax: +49 (0) 441 \/ 219 805 94<br \/>E-Mail: <a href=\"mailto:info@gsconsult.de\">info@gsconsult.de<\/a><br \/>Website: <a href=\"https:\/\/www.gsconsult.de\/en\/\">www.gsconsult.de<\/a><\/p><p><strong>Rechtliche Grundlage<\/strong><\/p><p>Die Giovanni Sciurba Consult \u2013 Gesellschaft f\u00fcr Beratung und Training mbH richtet sich ausschlie\u00dflich an Gesch\u00e4ftskunden (B2B) und f\u00e4llt daher nicht unter die Verpflichtungen des BFSG. Diese Erkl\u00e4rung erfolgt freiwillig.<\/p><p><strong>Stand der Vereinbarkeit mit den Anforderungen<\/strong><\/p><p>Diese Website ist derzeit <strong>nicht vollst\u00e4ndig barrierefrei<\/strong>.<\/p><ul><li>Navigation \u00fcber die Tastatur ist eingeschr\u00e4nkt m\u00f6glich.<\/li><li>Kontrastverh\u00e4ltnisse und Schriftgr\u00f6\u00dfen sind teilweise unzureichend.<\/li><li>Animationen lassen sich nicht stoppen oder deaktivieren.<\/li><\/ul><p><strong>Erstellung dieser Erkl\u00e4rung<\/strong><\/p><p>Diese Erkl\u00e4rung wurde am <strong>03.09.2025<\/strong> erstellt. Grundlage ist eine Selbstbewertung mit folgenden Tools:<\/p><ul><li>WAVE Accessibility Evaluation Tool<\/li><li>Accessibility Checker von Friendly Captcha<\/li><\/ul><p><strong>Feedback und Kontakt<\/strong><\/p><p>F\u00fcr Hinweise oder R\u00fcckfragen zur Barrierefreiheit erreichen Sie uns unter:<\/p><p><strong>Giovanni Sciurba Consult \u2013 Gesellschaft f\u00fcr Beratung und Training mbH<\/strong><br \/>Cloppenburger Stra\u00dfe 18<br \/>26135 Oldenburg<br \/>Telefon: +49 (0) 441 \/ 219 805 90<br \/>Telefax: +49 (0) 441 \/ 219 805 94<br \/>E-Mail: <a href=\"mailto:info@gsconsult.de\">info@gsconsult.de<\/a><\/p><p><strong>Durchsetzungs- und Schlichtungsverfahren<\/strong><\/p><p>Da die Firma ausschlie\u00dflich B2B-Leistungen erbringt und somit nicht BFSG-verpflichtet ist, besteht kein Anspruch auf ein beh\u00f6rdliches Durchsetzungs- oder Schlichtungsverfahren. F\u00fcr allgemeine Fragen zur Barrierefreiheit wenden Sie sich bitte an:<\/p><p>Landesbeauftragte f\u00fcr Menschen mit Behinderungen<br \/>Hannah-Arendt-Platz 2<br \/>30159 Hannover<br \/>Telefon: 0511 120-4007<br \/>E-Mail: <a href=\"mailto:Landesbeauftragte@ms.niedersachsen.de\">Landesbeauftragte@ms.niedersachsen.de<\/a><\/p>\t\t\t\t\t\t\t\t<\/div>\n\t\t\t\t<\/div>\n\t\t\t\t\t<\/div>\n\t\t\t\t<\/div>\n\t\t\t\t<\/div>","protected":false},"excerpt":{"rendered":"<p>Barrierefreiheit Stand: 03.09.2025 Diese Erkl\u00e4rung zur Barrierefreiheit gilt f\u00fcr die Website:https:\/\/www.gsconsult.de Verantwortlich:Giovanni Sciurba ConsultGesellschaft f\u00fcr Beratung und Training mbHCloppenburger Stra\u00dfe 1826135 OldenburgTelefon: +49 (0) 441 \/ 219 805 90Telefax: +49 (0) 441 \/ 219 805 94E-Mail: info@gsconsult.deWebsite: www.gsconsult.de Rechtliche Grundlage Die Giovanni Sciurba Consult \u2013 Gesellschaft f\u00fcr Beratung und Training mbH richtet sich ausschlie\u00dflich an [&hellip;]<\/p>\n","protected":false},"author":1,"featured_media":0,"parent":0,"menu_order":0,"comment_status":"closed","ping_status":"closed","template":"","meta":{"_acf_changed":false,"footnotes":""},"class_list":["post-3252","page","type-page","status-publish","hentry"],"acf":[],"_links":{"self":[{"href":"https:\/\/www.gsconsult.de\/en\/wp-json\/wp\/v2\/pages\/3252","targetHints":{"allow":["GET"]}}],"collection":[{"href":"https:\/\/www.gsconsult.de\/en\/wp-json\/wp\/v2\/pages"}],"about":[{"href":"https:\/\/www.gsconsult.de\/en\/wp-json\/wp\/v2\/types\/page"}],"author":[{"embeddable":true,"href":"https:\/\/www.gsconsult.de\/en\/wp-json\/wp\/v2\/users\/1"}],"replies":[{"embeddable":true,"href":"https:\/\/www.gsconsult.de\/en\/wp-json\/wp\/v2\/comments?post=3252"}],"version-history":[{"count":7,"href":"https:\/\/www.gsconsult.de\/en\/wp-json\/wp\/v2\/pages\/3252\/revisions"}],"predecessor-version":[{"id":3771,"href":"https:\/\/www.gsconsult.de\/en\/wp-json\/wp\/v2\/pages\/3252\/revisions\/3771"}],"wp:attachment":[{"href":"https:\/\/www.gsconsult.de\/en\/wp-json\/wp\/v2\/media?parent=3252"}],"curies":[{"name":"wp","href":"https:\/\/api.w.org\/{rel}","templated":true}]}}