{"id":2560,"date":"2025-08-18T17:23:23","date_gmt":"2025-08-18T15:23:23","guid":{"rendered":"https:\/\/www.gsconsult.de\/?post_type=product&#038;p=2560"},"modified":"2025-12-02T13:09:13","modified_gmt":"2025-12-02T12:09:13","slug":"veraenderungskompetenz-erlernen","status":"publish","type":"product","link":"https:\/\/www.gsconsult.de\/en\/product\/veraenderungskompetenz-erlernen\/","title":{"rendered":"Ver\u00e4nderungskompetenz erlernen"},"content":{"rendered":"<p>Unser Training zur Ver\u00e4nderungskompetenz bietet eine ma\u00dfgeschneiderte Plattform, um Sie gezielt auf Ver\u00e4nderungsprozesse vorzubereiten und Ihre F\u00e4higkeit zur aktiven Gestaltung von Wandel zu st\u00e4rken. Ver\u00e4nderung ist ein fester Bestandteil der Arbeitswelt \u2013 sei es durch neue Strukturen, digitale Transformation oder ver\u00e4nderte Marktanforderungen. Doch nicht jede Ver\u00e4nderung f\u00e4llt leicht. Wir unterst\u00fctzen Sie dabei, mit Unsicherheiten umzugehen, Widerst\u00e4nde zu erkennen und aktiv zu gestalten, anstatt nur zu reagieren.<\/p>\n<p>Durch praxisnahes Training mit Coachingelementen und den Austausch mit anderen Teilnehmenden bekommst du die Werkzeuge an die Hand, um Ver\u00e4nderungen nicht nur zu bew\u00e4ltigen, sondern sie als Chance f\u00fcr pers\u00f6nliches und berufliches Wachstum zu nutzen.<\/p>","protected":false},"excerpt":{"rendered":"<p>Unsere Welt ist dynamischer denn je. Technologische Innovationen, neue Arbeitsweisen und gesellschaftliche Umbr\u00fcche sorgen f\u00fcr stetige Ver\u00e4nderungen \u2013 im Unternehmen wie im pers\u00f6nlichen Alltag. Doch wie gelingt es, mit Unsicherheit und neuen Herausforderungen souver\u00e4n umzugehen? Genau hier setzt unser Online-Training an.<\/p>\n<p>Wir vermitteln praxisnahe Strategien und Methoden, um Ver\u00e4nderung als Chance zu begreifen, Widerst\u00e4nde zu \u00fcberwinden und flexibel auf neue Anforderungen zu reagieren. Ob in der F\u00fchrungsrolle, im Team oder in der individuellen Entwicklung \u2013 wer Ver\u00e4nderungskompetenz besitzt, kann Wandel aktiv mitgestalten, statt nur darauf zu reagieren.<\/p>","protected":false},"featured_media":2564,"template":"","format":[92,93],"meta":{"_acf_changed":false},"kursformat":[76],"leistungsart":[26,29,27,28],"leistungsunterart":[22],"sprache":[72,73],"themenwelt":[85,84],"zielgruppe":[88,87,89,91,90],"product_brand":[],"product_cat":[45],"product_tag":[],"class_list":{"0":"post-2560","1":"product","2":"type-product","3":"status-publish","4":"has-post-thumbnail","6":"format-online","7":"format-praesenz","8":"kursformat-training","9":"leistungsart-fuehrung-leadership","10":"leistungsart-arbeitsrecht-mitbestimmung","11":"leistungsart-gesundheit-zusammenarbeit","12":"leistungsart-perspektiven-entwicklung","13":"leistungsunterart-perspektivenberatung","14":"sprache-deutsch","15":"sprache-englisch","16":"themenwelt-fuehrung-entwicklung","17":"themenwelt-veraenderung-gestalten","18":"zielgruppe-arbeitnehmervertretungen","19":"zielgruppe-coaches-beraterinnen","20":"zielgruppe-fuehrungskraefte","21":"zielgruppe-geschaeftsfuehrung-entscheidungstraegerinnen","22":"zielgruppe-hr-personalverantwortliche","23":"product_cat-unkategorisiert","25":"first","26":"outofstock","27":"taxable","28":"shipping-taxable","29":"purchasable","30":"product-type-variable","31":"has-default-attributes"},"acf":[],"_links":{"self":[{"href":"https:\/\/www.gsconsult.de\/en\/wp-json\/wp\/v2\/product\/2560","targetHints":{"allow":["GET"]}}],"collection":[{"href":"https:\/\/www.gsconsult.de\/en\/wp-json\/wp\/v2\/product"}],"about":[{"href":"https:\/\/www.gsconsult.de\/en\/wp-json\/wp\/v2\/types\/product"}],"wp:featuredmedia":[{"embeddable":true,"href":"https:\/\/www.gsconsult.de\/en\/wp-json\/wp\/v2\/media\/2564"}],"wp:attachment":[{"href":"https:\/\/www.gsconsult.de\/en\/wp-json\/wp\/v2\/media?parent=2560"}],"wp:term":[{"taxonomy":"format","embeddable":true,"href":"https:\/\/www.gsconsult.de\/en\/wp-json\/wp\/v2\/format?post=2560"},{"taxonomy":"kursformat","embeddable":true,"href":"https:\/\/www.gsconsult.de\/en\/wp-json\/wp\/v2\/kursformat?post=2560"},{"taxonomy":"leistungsart","embeddable":true,"href":"https:\/\/www.gsconsult.de\/en\/wp-json\/wp\/v2\/leistungsart?post=2560"},{"taxonomy":"leistungsunterart","embeddable":true,"href":"https:\/\/www.gsconsult.de\/en\/wp-json\/wp\/v2\/leistungsunterart?post=2560"},{"taxonomy":"sprache","embeddable":true,"href":"https:\/\/www.gsconsult.de\/en\/wp-json\/wp\/v2\/sprache?post=2560"},{"taxonomy":"themenwelt","embeddable":true,"href":"https:\/\/www.gsconsult.de\/en\/wp-json\/wp\/v2\/themenwelt?post=2560"},{"taxonomy":"zielgruppe","embeddable":true,"href":"https:\/\/www.gsconsult.de\/en\/wp-json\/wp\/v2\/zielgruppe?post=2560"},{"taxonomy":"product_brand","embeddable":true,"href":"https:\/\/www.gsconsult.de\/en\/wp-json\/wp\/v2\/product_brand?post=2560"},{"taxonomy":"product_cat","embeddable":true,"href":"https:\/\/www.gsconsult.de\/en\/wp-json\/wp\/v2\/product_cat?post=2560"},{"taxonomy":"product_tag","embeddable":true,"href":"https:\/\/www.gsconsult.de\/en\/wp-json\/wp\/v2\/product_tag?post=2560"}],"curies":[{"name":"wp","href":"https:\/\/api.w.org\/{rel}","templated":true}]}}