{"id":3067,"date":"2025-09-02T16:29:08","date_gmt":"2025-09-02T14:29:08","guid":{"rendered":"https:\/\/www.gsconsult.de\/?post_type=product&#038;p=3067"},"modified":"2025-10-07T13:29:00","modified_gmt":"2025-10-07T11:29:00","slug":"in-und-outplacement-coach","status":"publish","type":"product","link":"https:\/\/www.gsconsult.de\/en\/product\/in-und-outplacement-coach\/","title":{"rendered":"In- und Outplacement Coach"},"content":{"rendered":"<p>Unsere Zertifizierung bietet eine intensive Weiterbildung \u00fcber 10 Module und umfasst Themen wie Karriereberatung, Bewerbungsunterlagenoptimierung, Interviewvorbereitung, emotionale Unterst\u00fctzung und vieles mehr. Unsere Ausbilder sind erfahrene Experten auf diesem Gebiet und werden Sie auf diesem Zertifizierungslehrgang begleiten.<\/p>","protected":false},"excerpt":{"rendered":"<p>M\u00f6chten Sie Menschen in beruflichen \u00dcberg\u00e4ngen begleiten und Ihre Expertise als Karriere-Coach ausbauen? Mit unserer Zertifizierung zum In- und Outplacement Coach erwerben Sie praxisnahes Wissen und Methoden, um Mitarbeitende und Arbeitsuchende erfolgreich durch Ver\u00e4nderungsprozesse zu begleiten \u2013 sei es beim Wiedereinstieg, der Karriereentwicklung innerhalb des Unternehmens oder der Optimierung von Bewerbungsprozessen.<\/p>\n<p>Unsere Ausbildung kombiniert theoretisches Wissen mit praktischen \u00dcbungen und deckt alle relevanten Bereiche ab: Karriereberatung, Coaching, Bewerbungsunterlagen, Interview-Vorbereitung, Verhandlungsstrategien, Networking, Social Media und Unternehmensbeziehungen. Durch die Mischung aus Pr\u00e4senz- und Online-Terminen profitieren Sie von einem umfassenden Blended-Learning-Konzept mit<\/p>","protected":false},"featured_media":2550,"template":"","format":[92,93],"meta":{"_acf_changed":false},"kursformat":[80],"leistungsart":[28],"leistungsunterart":[],"sprache":[72],"themenwelt":[84],"zielgruppe":[90,87],"product_brand":[],"product_cat":[45],"product_tag":[],"class_list":{"0":"post-3067","1":"product","2":"type-product","3":"status-publish","4":"has-post-thumbnail","6":"format-online","7":"format-praesenz","8":"kursformat-qualifizierung","9":"leistungsart-perspektiven-entwicklung","10":"sprache-deutsch","11":"themenwelt-veraenderung-gestalten","12":"zielgruppe-hr-personalverantwortliche","13":"zielgruppe-coaches-beraterinnen","14":"product_cat-unkategorisiert","16":"first","17":"outofstock","18":"taxable","19":"shipping-taxable","20":"purchasable","21":"product-type-variable","22":"has-default-attributes"},"acf":[],"_links":{"self":[{"href":"https:\/\/www.gsconsult.de\/en\/wp-json\/wp\/v2\/product\/3067","targetHints":{"allow":["GET"]}}],"collection":[{"href":"https:\/\/www.gsconsult.de\/en\/wp-json\/wp\/v2\/product"}],"about":[{"href":"https:\/\/www.gsconsult.de\/en\/wp-json\/wp\/v2\/types\/product"}],"wp:featuredmedia":[{"embeddable":true,"href":"https:\/\/www.gsconsult.de\/en\/wp-json\/wp\/v2\/media\/2550"}],"wp:attachment":[{"href":"https:\/\/www.gsconsult.de\/en\/wp-json\/wp\/v2\/media?parent=3067"}],"wp:term":[{"taxonomy":"format","embeddable":true,"href":"https:\/\/www.gsconsult.de\/en\/wp-json\/wp\/v2\/format?post=3067"},{"taxonomy":"kursformat","embeddable":true,"href":"https:\/\/www.gsconsult.de\/en\/wp-json\/wp\/v2\/kursformat?post=3067"},{"taxonomy":"leistungsart","embeddable":true,"href":"https:\/\/www.gsconsult.de\/en\/wp-json\/wp\/v2\/leistungsart?post=3067"},{"taxonomy":"leistungsunterart","embeddable":true,"href":"https:\/\/www.gsconsult.de\/en\/wp-json\/wp\/v2\/leistungsunterart?post=3067"},{"taxonomy":"sprache","embeddable":true,"href":"https:\/\/www.gsconsult.de\/en\/wp-json\/wp\/v2\/sprache?post=3067"},{"taxonomy":"themenwelt","embeddable":true,"href":"https:\/\/www.gsconsult.de\/en\/wp-json\/wp\/v2\/themenwelt?post=3067"},{"taxonomy":"zielgruppe","embeddable":true,"href":"https:\/\/www.gsconsult.de\/en\/wp-json\/wp\/v2\/zielgruppe?post=3067"},{"taxonomy":"product_brand","embeddable":true,"href":"https:\/\/www.gsconsult.de\/en\/wp-json\/wp\/v2\/product_brand?post=3067"},{"taxonomy":"product_cat","embeddable":true,"href":"https:\/\/www.gsconsult.de\/en\/wp-json\/wp\/v2\/product_cat?post=3067"},{"taxonomy":"product_tag","embeddable":true,"href":"https:\/\/www.gsconsult.de\/en\/wp-json\/wp\/v2\/product_tag?post=3067"}],"curies":[{"name":"wp","href":"https:\/\/api.w.org\/{rel}","templated":true}]}}