{"id":3293,"date":"2025-09-03T13:55:47","date_gmt":"2025-09-03T11:55:47","guid":{"rendered":"https:\/\/www.gsconsult.de\/?post_type=product&#038;p=3293"},"modified":"2026-04-23T14:39:20","modified_gmt":"2026-04-23T12:39:20","slug":"br-i-grundlagen-der-betriebsratsarbeit","status":"publish","type":"product","link":"https:\/\/www.gsconsult.de\/en\/product\/br-i-grundlagen-der-betriebsratsarbeit\/","title":{"rendered":"BR I &#8211; Grundlagen der Betriebsratsarbeit (3 Tage)"},"content":{"rendered":"","protected":false},"excerpt":{"rendered":"<p>Neu im Betriebsrat? Diese 3-t\u00e4gige Pr\u00e4senzseminar macht Sie fit f\u00fcr Ihre ersten Schritte. Sie lernen die Rechte und Pflichten, die Sie brauchen, von Sitzungsleitung bis Mitbestimmung. Danach wissen Sie genau, wo Sie handeln k\u00f6nnen wie Sie Ihr Gremium professionell f\u00fchren.<\/p>","protected":false},"featured_media":2852,"template":"","format":[92,94],"meta":{"_acf_changed":false},"kursformat":[76],"leistungsart":[],"leistungsunterart":[],"sprache":[72],"themenwelt":[82],"zielgruppe":[88,96],"product_brand":[],"product_cat":[45],"product_tag":[],"class_list":{"0":"post-3293","1":"product","2":"type-product","3":"status-publish","4":"has-post-thumbnail","6":"format-online","7":"format-praesenz-auf-anfrage","8":"kursformat-training","9":"sprache-deutsch","10":"themenwelt-arbeitsrecht-mitbestimmung","11":"zielgruppe-arbeitnehmervertretungen","12":"zielgruppe-betriebsratsmitglieder-und-erste-ersatzmitglieder","13":"product_cat-unkategorisiert","15":"first","16":"instock","17":"taxable","18":"shipping-taxable","19":"purchasable","20":"product-type-variable","21":"has-default-attributes"},"acf":[],"_links":{"self":[{"href":"https:\/\/www.gsconsult.de\/en\/wp-json\/wp\/v2\/product\/3293","targetHints":{"allow":["GET"]}}],"collection":[{"href":"https:\/\/www.gsconsult.de\/en\/wp-json\/wp\/v2\/product"}],"about":[{"href":"https:\/\/www.gsconsult.de\/en\/wp-json\/wp\/v2\/types\/product"}],"wp:featuredmedia":[{"embeddable":true,"href":"https:\/\/www.gsconsult.de\/en\/wp-json\/wp\/v2\/media\/2852"}],"wp:attachment":[{"href":"https:\/\/www.gsconsult.de\/en\/wp-json\/wp\/v2\/media?parent=3293"}],"wp:term":[{"taxonomy":"format","embeddable":true,"href":"https:\/\/www.gsconsult.de\/en\/wp-json\/wp\/v2\/format?post=3293"},{"taxonomy":"kursformat","embeddable":true,"href":"https:\/\/www.gsconsult.de\/en\/wp-json\/wp\/v2\/kursformat?post=3293"},{"taxonomy":"leistungsart","embeddable":true,"href":"https:\/\/www.gsconsult.de\/en\/wp-json\/wp\/v2\/leistungsart?post=3293"},{"taxonomy":"leistungsunterart","embeddable":true,"href":"https:\/\/www.gsconsult.de\/en\/wp-json\/wp\/v2\/leistungsunterart?post=3293"},{"taxonomy":"sprache","embeddable":true,"href":"https:\/\/www.gsconsult.de\/en\/wp-json\/wp\/v2\/sprache?post=3293"},{"taxonomy":"themenwelt","embeddable":true,"href":"https:\/\/www.gsconsult.de\/en\/wp-json\/wp\/v2\/themenwelt?post=3293"},{"taxonomy":"zielgruppe","embeddable":true,"href":"https:\/\/www.gsconsult.de\/en\/wp-json\/wp\/v2\/zielgruppe?post=3293"},{"taxonomy":"product_brand","embeddable":true,"href":"https:\/\/www.gsconsult.de\/en\/wp-json\/wp\/v2\/product_brand?post=3293"},{"taxonomy":"product_cat","embeddable":true,"href":"https:\/\/www.gsconsult.de\/en\/wp-json\/wp\/v2\/product_cat?post=3293"},{"taxonomy":"product_tag","embeddable":true,"href":"https:\/\/www.gsconsult.de\/en\/wp-json\/wp\/v2\/product_tag?post=3293"}],"curies":[{"name":"wp","href":"https:\/\/api.w.org\/{rel}","templated":true}]}}