{"id":3312,"date":"2025-09-03T15:53:45","date_gmt":"2025-09-03T13:53:45","guid":{"rendered":"https:\/\/www.gsconsult.de\/?post_type=product&#038;p=3312"},"modified":"2025-11-03T22:06:57","modified_gmt":"2025-11-03T21:06:57","slug":"wahlvorstandsschulung-intensiv-1-tag","status":"publish","type":"product","link":"https:\/\/www.gsconsult.de\/en\/product\/wahlvorstandsschulung-intensiv-1-tag\/","title":{"rendered":"Wahlvorstandsschulung intensiv 1 TAG"},"content":{"rendered":"<p><strong>Inklusive Leistungen:<\/strong><\/p>\n<ul>\n<li>Telefon-Hotline f\u00fcr R\u00fcckfragen bis zum Wahltag<\/li>\n<li>Alle Materialien zur Vorbereitung und Durchf\u00fchrung einer fehlerfreien Betriebsratswahl \u2013 digital und jederzeit abrufbar<\/li>\n<li>Software mit Wahlkalender, Ausz\u00e4hlungs- und Sitzverteilungs-Tools sowie allen notwendigen Formularen<\/li>\n<li>Online-Handlungsanleitung Betriebsratswahl 2026 \u2013 Schritt-f\u00fcr-Schritt-Darstellung des Wahlverfahrens mit Antworten auf alle Fragen<\/li>\n<\/ul>\n<p><strong>Inhalte: <\/strong><\/p>\n<ul>\n<li>Die gesetzlichen Grundlagen der Betriebsratswahl anwenden (\u00a7\u00a7 1\u201320 BetrVG, Wahlordnung)<\/li>\n<li>Einen Wahlplan erstellen und Fristen korrekt festlegen<\/li>\n<li>Aktives und passives Wahlrecht pr\u00fcfen (wer darf w\u00e4hlen, wer kandidieren)<\/li>\n<li>W\u00e4hlerlisten korrekt erstellen<\/li>\n<li>Wahlausschreiben gestalten und vorbereiten<\/li>\n<\/ul>","protected":false},"excerpt":{"rendered":"<p>Dieses eint\u00e4gige Seminar vermittelt alle Grundlagen f\u00fcr die Durchf\u00fchrung einer fehlerfreien Betriebsratswahl 2026. Sie erhalten praxisnahes Wissen zu gesetzlichen Vorgaben, Erstellung von Wahlpl\u00e4nen, W\u00e4hlerlisten und Wahlausschreiben. Digitale Materialien, Software-Tools und Schritt-f\u00fcr-Schritt-Anleitungen unterst\u00fctzen Sie dabei, den Wahlprozess sicher umzusetzen.<\/p>","protected":false},"featured_media":2550,"template":"","format":[92,93],"meta":{"_acf_changed":false},"kursformat":[76],"leistungsart":[],"leistungsunterart":[],"sprache":[72,73],"themenwelt":[82],"zielgruppe":[88,98,102],"product_brand":[],"product_cat":[45],"product_tag":[],"class_list":{"0":"post-3312","1":"product","2":"type-product","3":"status-publish","4":"has-post-thumbnail","6":"format-online","7":"format-praesenz","8":"kursformat-training","9":"sprache-deutsch","10":"sprache-englisch","11":"themenwelt-arbeitsrecht-mitbestimmung","12":"zielgruppe-arbeitnehmervertretungen","13":"zielgruppe-mitglieder-des-wahlvorstands-und-erste-ersatzmitglieder","14":"zielgruppe-works-council","15":"product_cat-unkategorisiert","17":"first","18":"instock","19":"taxable","20":"shipping-taxable","21":"purchasable","22":"product-type-variable","23":"has-default-attributes"},"acf":[],"_links":{"self":[{"href":"https:\/\/www.gsconsult.de\/en\/wp-json\/wp\/v2\/product\/3312","targetHints":{"allow":["GET"]}}],"collection":[{"href":"https:\/\/www.gsconsult.de\/en\/wp-json\/wp\/v2\/product"}],"about":[{"href":"https:\/\/www.gsconsult.de\/en\/wp-json\/wp\/v2\/types\/product"}],"wp:featuredmedia":[{"embeddable":true,"href":"https:\/\/www.gsconsult.de\/en\/wp-json\/wp\/v2\/media\/2550"}],"wp:attachment":[{"href":"https:\/\/www.gsconsult.de\/en\/wp-json\/wp\/v2\/media?parent=3312"}],"wp:term":[{"taxonomy":"format","embeddable":true,"href":"https:\/\/www.gsconsult.de\/en\/wp-json\/wp\/v2\/format?post=3312"},{"taxonomy":"kursformat","embeddable":true,"href":"https:\/\/www.gsconsult.de\/en\/wp-json\/wp\/v2\/kursformat?post=3312"},{"taxonomy":"leistungsart","embeddable":true,"href":"https:\/\/www.gsconsult.de\/en\/wp-json\/wp\/v2\/leistungsart?post=3312"},{"taxonomy":"leistungsunterart","embeddable":true,"href":"https:\/\/www.gsconsult.de\/en\/wp-json\/wp\/v2\/leistungsunterart?post=3312"},{"taxonomy":"sprache","embeddable":true,"href":"https:\/\/www.gsconsult.de\/en\/wp-json\/wp\/v2\/sprache?post=3312"},{"taxonomy":"themenwelt","embeddable":true,"href":"https:\/\/www.gsconsult.de\/en\/wp-json\/wp\/v2\/themenwelt?post=3312"},{"taxonomy":"zielgruppe","embeddable":true,"href":"https:\/\/www.gsconsult.de\/en\/wp-json\/wp\/v2\/zielgruppe?post=3312"},{"taxonomy":"product_brand","embeddable":true,"href":"https:\/\/www.gsconsult.de\/en\/wp-json\/wp\/v2\/product_brand?post=3312"},{"taxonomy":"product_cat","embeddable":true,"href":"https:\/\/www.gsconsult.de\/en\/wp-json\/wp\/v2\/product_cat?post=3312"},{"taxonomy":"product_tag","embeddable":true,"href":"https:\/\/www.gsconsult.de\/en\/wp-json\/wp\/v2\/product_tag?post=3312"}],"curies":[{"name":"wp","href":"https:\/\/api.w.org\/{rel}","templated":true}]}}