{"id":3333,"date":"2025-09-03T16:41:26","date_gmt":"2025-09-03T14:41:26","guid":{"rendered":"https:\/\/www.gsconsult.de\/?post_type=product&#038;p=3333"},"modified":"2025-11-20T17:22:35","modified_gmt":"2025-11-20T16:22:35","slug":"marketingstrategien-fuer-die-nachwuchsgewinnung-im-betriebsrat","status":"publish","type":"product","link":"https:\/\/www.gsconsult.de\/en\/product\/marketingstrategien-fuer-die-nachwuchsgewinnung-im-betriebsrat\/","title":{"rendered":"Marketingstrategien f\u00fcr die Nachwuchsgewinnung im Betriebsrat"},"content":{"rendered":"<p data-start=\"234\" data-end=\"656\">Ihr Gremium besitzt gro\u00dfes Potenzial. Unser praxisnahes Seminar begleitet Sie dabei, dieses Potenzial gezielt zu entfalten: Sie entwickeln intern umsetzbare Strategien, gewinnen neue Mitglieder und steigern die Sichtbarkeit Ihres Gremiums im Unternehmen. Sie setzen digitale Tools und kreative Methoden ein und starten direkt eine Mini-Kampagne \u2013 so erh\u00f6hen Sie Attraktivit\u00e4t und sichern langfristig Mitbestimmungskraft.<\/p>\n<p data-start=\"658\" data-end=\"1048\">Das Training f\u00fchren wir individuell auf Anfrage durch. Es findet virtuell \u00fcber Microsoft Teams oder Zoom statt und nutzt das kollaborative Whiteboard-Tool Miro. Damit arbeiten Sie interaktiv zusammen \u2013 egal, wo Sie sich befinden. Das Miro-Board bleibt Ihnen auch nach dem Training verf\u00fcgbar, um Ideen und Strategien weiterzuentwickeln. R\u00fchren Sie mit uns die Werbetrommel f\u00fcr Ihr Gremium.<\/p>","protected":false},"excerpt":{"rendered":"<p>Erhalten Sie einen klaren Fahrplan f\u00fcr erfolgreiches Betriebsratsmarketing: Entwickeln Sie eine gezielte Strategie, sprechen Sie die richtigen Zielgruppen an und gewinnen Sie neue Mitglieder f\u00fcr eine starke Zukunft Ihres Betriebsrats.<\/p>","protected":false},"featured_media":2498,"template":"","format":[92,94],"meta":{"_acf_changed":false},"kursformat":[76],"leistungsart":[29],"leistungsunterart":[],"sprache":[72],"themenwelt":[82],"zielgruppe":[88,96,97],"product_brand":[],"product_cat":[45],"product_tag":[],"class_list":{"0":"post-3333","1":"product","2":"type-product","3":"status-publish","4":"has-post-thumbnail","6":"format-online","7":"format-praesenz-auf-anfrage","8":"kursformat-training","9":"leistungsart-arbeitsrecht-mitbestimmung","10":"sprache-deutsch","11":"themenwelt-arbeitsrecht-mitbestimmung","12":"zielgruppe-arbeitnehmervertretungen","13":"zielgruppe-betriebsratsmitglieder-und-erste-ersatzmitglieder","14":"zielgruppe-jav-mitglieder-und-erste-ersatzmitglieder","15":"product_cat-unkategorisiert","17":"first","18":"instock","19":"taxable","20":"shipping-taxable","21":"purchasable","22":"product-type-variable","23":"has-default-attributes"},"acf":[],"_links":{"self":[{"href":"https:\/\/www.gsconsult.de\/en\/wp-json\/wp\/v2\/product\/3333","targetHints":{"allow":["GET"]}}],"collection":[{"href":"https:\/\/www.gsconsult.de\/en\/wp-json\/wp\/v2\/product"}],"about":[{"href":"https:\/\/www.gsconsult.de\/en\/wp-json\/wp\/v2\/types\/product"}],"wp:featuredmedia":[{"embeddable":true,"href":"https:\/\/www.gsconsult.de\/en\/wp-json\/wp\/v2\/media\/2498"}],"wp:attachment":[{"href":"https:\/\/www.gsconsult.de\/en\/wp-json\/wp\/v2\/media?parent=3333"}],"wp:term":[{"taxonomy":"format","embeddable":true,"href":"https:\/\/www.gsconsult.de\/en\/wp-json\/wp\/v2\/format?post=3333"},{"taxonomy":"kursformat","embeddable":true,"href":"https:\/\/www.gsconsult.de\/en\/wp-json\/wp\/v2\/kursformat?post=3333"},{"taxonomy":"leistungsart","embeddable":true,"href":"https:\/\/www.gsconsult.de\/en\/wp-json\/wp\/v2\/leistungsart?post=3333"},{"taxonomy":"leistungsunterart","embeddable":true,"href":"https:\/\/www.gsconsult.de\/en\/wp-json\/wp\/v2\/leistungsunterart?post=3333"},{"taxonomy":"sprache","embeddable":true,"href":"https:\/\/www.gsconsult.de\/en\/wp-json\/wp\/v2\/sprache?post=3333"},{"taxonomy":"themenwelt","embeddable":true,"href":"https:\/\/www.gsconsult.de\/en\/wp-json\/wp\/v2\/themenwelt?post=3333"},{"taxonomy":"zielgruppe","embeddable":true,"href":"https:\/\/www.gsconsult.de\/en\/wp-json\/wp\/v2\/zielgruppe?post=3333"},{"taxonomy":"product_brand","embeddable":true,"href":"https:\/\/www.gsconsult.de\/en\/wp-json\/wp\/v2\/product_brand?post=3333"},{"taxonomy":"product_cat","embeddable":true,"href":"https:\/\/www.gsconsult.de\/en\/wp-json\/wp\/v2\/product_cat?post=3333"},{"taxonomy":"product_tag","embeddable":true,"href":"https:\/\/www.gsconsult.de\/en\/wp-json\/wp\/v2\/product_tag?post=3333"}],"curies":[{"name":"wp","href":"https:\/\/api.w.org\/{rel}","templated":true}]}}