{"id":3336,"date":"2025-09-03T16:50:51","date_gmt":"2025-09-03T14:50:51","guid":{"rendered":"https:\/\/www.gsconsult.de\/?post_type=product&#038;p=3336"},"modified":"2026-03-17T11:08:41","modified_gmt":"2026-03-17T10:08:41","slug":"gesund-fuehren","status":"publish","type":"product","link":"https:\/\/www.gsconsult.de\/en\/product\/gesund-fuehren\/","title":{"rendered":"Gesund f\u00fchren"},"content":{"rendered":"<p>In drei aufeinander aufbauenden Modulen und optionalen Coaching-Sessions st\u00e4rken die Teilnehmenden ihre Selbstf\u00fchrung, lernen psychologische Modelle zur Resilienz und Teamf\u00fchrung kennen und erhalten alltagstaugliche Werkzeuge, um Teams gesund, motivierend und wertsch\u00e4tzend zu f\u00fchren.<\/p>\n<p>Ob Reflexion, Austausch oder praktische Tools \u2013 das Training bef\u00e4higt dazu, F\u00fchrung so zu gestalten,<br \/>\ndass sie sowohl dem eigenen Wohlbefinden als auch der Gesundheit des Teams zugutekommt.<\/p>","protected":false},"excerpt":{"rendered":"<p>Gesunde F\u00fchrung beginnt bei Ihnen \u2013 und wirkt direkt in Ihr Team hinein. In unserem praxisnahen Training \u201eGesund f\u00fchren\u201c lernen Sie, Ihre Rolle als F\u00fchrungskraft im Spannungsfeld von Verantwortung, Leistungsanforderungen und Selbstf\u00fcrsorge gezielt zu gestalten. Sie st\u00e4rken Ihre Selbstf\u00fchrung, entdecken wirksame Methoden zur Resilienz und Teamf\u00fchrung und erhalten Werkzeuge, um Ihr Team motivierend, wertsch\u00e4tzend und gesund zu f\u00fchren.<\/p>","protected":false},"featured_media":2544,"template":"","format":[92],"meta":{"_acf_changed":false},"kursformat":[76],"leistungsart":[26,29],"leistungsunterart":[],"sprache":[72],"themenwelt":[83,85,84],"zielgruppe":[89],"product_brand":[],"product_cat":[45],"product_tag":[],"class_list":{"0":"post-3336","1":"product","2":"type-product","3":"status-publish","4":"has-post-thumbnail","6":"format-online","7":"kursformat-training","8":"leistungsart-fuehrung-leadership","9":"leistungsart-arbeitsrecht-mitbestimmung","10":"sprache-deutsch","11":"themenwelt-gesundheit-wiedereinstieg","12":"themenwelt-fuehrung-entwicklung","13":"themenwelt-veraenderung-gestalten","14":"zielgruppe-fuehrungskraefte","15":"product_cat-unkategorisiert","17":"first","18":"outofstock","19":"taxable","20":"shipping-taxable","21":"product-type-variable","22":"has-default-attributes"},"acf":[],"_links":{"self":[{"href":"https:\/\/www.gsconsult.de\/en\/wp-json\/wp\/v2\/product\/3336","targetHints":{"allow":["GET"]}}],"collection":[{"href":"https:\/\/www.gsconsult.de\/en\/wp-json\/wp\/v2\/product"}],"about":[{"href":"https:\/\/www.gsconsult.de\/en\/wp-json\/wp\/v2\/types\/product"}],"wp:featuredmedia":[{"embeddable":true,"href":"https:\/\/www.gsconsult.de\/en\/wp-json\/wp\/v2\/media\/2544"}],"wp:attachment":[{"href":"https:\/\/www.gsconsult.de\/en\/wp-json\/wp\/v2\/media?parent=3336"}],"wp:term":[{"taxonomy":"format","embeddable":true,"href":"https:\/\/www.gsconsult.de\/en\/wp-json\/wp\/v2\/format?post=3336"},{"taxonomy":"kursformat","embeddable":true,"href":"https:\/\/www.gsconsult.de\/en\/wp-json\/wp\/v2\/kursformat?post=3336"},{"taxonomy":"leistungsart","embeddable":true,"href":"https:\/\/www.gsconsult.de\/en\/wp-json\/wp\/v2\/leistungsart?post=3336"},{"taxonomy":"leistungsunterart","embeddable":true,"href":"https:\/\/www.gsconsult.de\/en\/wp-json\/wp\/v2\/leistungsunterart?post=3336"},{"taxonomy":"sprache","embeddable":true,"href":"https:\/\/www.gsconsult.de\/en\/wp-json\/wp\/v2\/sprache?post=3336"},{"taxonomy":"themenwelt","embeddable":true,"href":"https:\/\/www.gsconsult.de\/en\/wp-json\/wp\/v2\/themenwelt?post=3336"},{"taxonomy":"zielgruppe","embeddable":true,"href":"https:\/\/www.gsconsult.de\/en\/wp-json\/wp\/v2\/zielgruppe?post=3336"},{"taxonomy":"product_brand","embeddable":true,"href":"https:\/\/www.gsconsult.de\/en\/wp-json\/wp\/v2\/product_brand?post=3336"},{"taxonomy":"product_cat","embeddable":true,"href":"https:\/\/www.gsconsult.de\/en\/wp-json\/wp\/v2\/product_cat?post=3336"},{"taxonomy":"product_tag","embeddable":true,"href":"https:\/\/www.gsconsult.de\/en\/wp-json\/wp\/v2\/product_tag?post=3336"}],"curies":[{"name":"wp","href":"https:\/\/api.w.org\/{rel}","templated":true}]}}