{"id":4375,"date":"2026-01-29T10:47:56","date_gmt":"2026-01-29T09:47:56","guid":{"rendered":"https:\/\/www.gsconsult.de\/?post_type=product&#038;p=4375"},"modified":"2026-03-17T10:39:53","modified_gmt":"2026-03-17T09:39:53","slug":"stellschrauben-fuer-betriebsraete","status":"publish","type":"product","link":"https:\/\/www.gsconsult.de\/en\/product\/stellschrauben-fuer-betriebsraete\/","title":{"rendered":"Transfergesellschaft &#038; Betriebs\u00e4nderung: Stellschrauben f\u00fcr Betriebsr\u00e4te im \u00a7 111 BetrVG"},"content":{"rendered":"","protected":false},"excerpt":{"rendered":"<div>\n<p>Betriebs\u00e4nderungen nach \u00a7\u202f111 BetrVG kommen in der Praxis h\u00e4ufig \u00fcberraschend: Die Anzeige des Arbeitgebers liegt auf dem Tisch \u2013 und pl\u00f6tzlich m\u00fcssen innerhalb kurzer Zeit weitreichende Entscheidungen getroffen werden. Gerade in dieser Phase stellt sich f\u00fcr Betriebsr\u00e4te die Frage, welche Handlungsspielr\u00e4ume bestehen und wie die Interessen der betroffenen Besch\u00e4ftigten bestm\u00f6glich gesichert werden k\u00f6nnen.<\/p>\n<p>Unser Webinar vermittelt praxisnahes Wissen zu Transfergesellschaften als zentrales Instrument im Interessenausgleich und in Sozialplanverhandlungen. Im Fokus stehen die Abl\u00e4ufe einer Transfergesellschaft, konkrete Stellschrauben in der Verhandlung sowie die Frage, wie ausscheidende Mitarbeitende professionell, fair und wirksam begleitet werden k\u00f6nnen.<\/p>\n<p>Ziel der Veranstaltung ist es, Betriebsr\u00e4ten Orientierung zu geben, Sicherheit im Umgang mit Transferl\u00f6sungen zu vermitteln und zu zeigen, wie Transfergesellschaften aktiv gestaltet werden k\u00f6nnen \u2013 statt nur auf vorgegebene Konzepte zu reagieren.<\/p>\n<\/div>","protected":false},"featured_media":2550,"template":"","format":[92],"meta":{"_acf_changed":false},"kursformat":[79],"leistungsart":[29,28],"leistungsunterart":[],"sprache":[72],"themenwelt":[82,84],"zielgruppe":[88,96,102],"product_brand":[],"product_cat":[45],"product_tag":[],"class_list":{"0":"post-4375","1":"product","2":"type-product","3":"status-publish","4":"has-post-thumbnail","6":"format-online","7":"kursformat-seminar","8":"leistungsart-arbeitsrecht-mitbestimmung","9":"leistungsart-perspektiven-entwicklung","10":"sprache-deutsch","11":"themenwelt-arbeitsrecht-mitbestimmung","12":"themenwelt-veraenderung-gestalten","13":"zielgruppe-arbeitnehmervertretungen","14":"zielgruppe-betriebsratsmitglieder-und-erste-ersatzmitglieder","15":"zielgruppe-works-council","16":"product_cat-unkategorisiert","18":"first","19":"instock","20":"taxable","21":"shipping-taxable","22":"purchasable","23":"product-type-variable","24":"has-default-attributes"},"acf":[],"_links":{"self":[{"href":"https:\/\/www.gsconsult.de\/en\/wp-json\/wp\/v2\/product\/4375","targetHints":{"allow":["GET"]}}],"collection":[{"href":"https:\/\/www.gsconsult.de\/en\/wp-json\/wp\/v2\/product"}],"about":[{"href":"https:\/\/www.gsconsult.de\/en\/wp-json\/wp\/v2\/types\/product"}],"wp:featuredmedia":[{"embeddable":true,"href":"https:\/\/www.gsconsult.de\/en\/wp-json\/wp\/v2\/media\/2550"}],"wp:attachment":[{"href":"https:\/\/www.gsconsult.de\/en\/wp-json\/wp\/v2\/media?parent=4375"}],"wp:term":[{"taxonomy":"format","embeddable":true,"href":"https:\/\/www.gsconsult.de\/en\/wp-json\/wp\/v2\/format?post=4375"},{"taxonomy":"kursformat","embeddable":true,"href":"https:\/\/www.gsconsult.de\/en\/wp-json\/wp\/v2\/kursformat?post=4375"},{"taxonomy":"leistungsart","embeddable":true,"href":"https:\/\/www.gsconsult.de\/en\/wp-json\/wp\/v2\/leistungsart?post=4375"},{"taxonomy":"leistungsunterart","embeddable":true,"href":"https:\/\/www.gsconsult.de\/en\/wp-json\/wp\/v2\/leistungsunterart?post=4375"},{"taxonomy":"sprache","embeddable":true,"href":"https:\/\/www.gsconsult.de\/en\/wp-json\/wp\/v2\/sprache?post=4375"},{"taxonomy":"themenwelt","embeddable":true,"href":"https:\/\/www.gsconsult.de\/en\/wp-json\/wp\/v2\/themenwelt?post=4375"},{"taxonomy":"zielgruppe","embeddable":true,"href":"https:\/\/www.gsconsult.de\/en\/wp-json\/wp\/v2\/zielgruppe?post=4375"},{"taxonomy":"product_brand","embeddable":true,"href":"https:\/\/www.gsconsult.de\/en\/wp-json\/wp\/v2\/product_brand?post=4375"},{"taxonomy":"product_cat","embeddable":true,"href":"https:\/\/www.gsconsult.de\/en\/wp-json\/wp\/v2\/product_cat?post=4375"},{"taxonomy":"product_tag","embeddable":true,"href":"https:\/\/www.gsconsult.de\/en\/wp-json\/wp\/v2\/product_tag?post=4375"}],"curies":[{"name":"wp","href":"https:\/\/api.w.org\/{rel}","templated":true}]}}