{"id":4493,"date":"2026-04-10T08:31:06","date_gmt":"2026-04-10T06:31:06","guid":{"rendered":"https:\/\/www.gsconsult.de\/?post_type=product&#038;p=4493"},"modified":"2026-04-13T11:09:30","modified_gmt":"2026-04-13T09:09:30","slug":"gefaehrdungsbeurteilung-psychischer-belastung-als-startschuss-fuer-echte-veraenderung","status":"publish","type":"product","link":"https:\/\/www.gsconsult.de\/en\/product\/gefaehrdungsbeurteilung-psychischer-belastung-als-startschuss-fuer-echte-veraenderung\/","title":{"rendered":"Der Obstkorb heilt die Psyche nicht"},"content":{"rendered":"","protected":false},"excerpt":{"rendered":"<p>Psychische Erkrankungen sind heute eine der h\u00e4ufigsten Ursachen f\u00fcr Fehlzeiten in deutschen Unternehmen \u2013 mit steigender Tendenz. Die Kosten durch Fluktuation, Pr\u00e4sentismus und lange Ausfallzeiten gehen f\u00fcr Unternehmen schnell in die Hunderttausende. Gleichzeitig greifen viele der gut gemeinten Ma\u00dfnahmen \u2013 vom Obstkorb bis zur Entspannungs-App \u2013 nicht an den eigentlichen Ursachen. Sie behandeln Symptome, nicht Strukturen.<\/p>\n<p>Die Gef\u00e4hrdungsbeurteilung psychischer Belastung (GBPsych) ist seit 2013 gesetzlich vorgeschrieben \u2013 und wird dennoch von vielen Unternehmen vernachl\u00e4ssigt oder als reine Pflicht\u00fcbung abgehakt. Dabei bietet sie, richtig eingesetzt, eines der wirkungsvollsten Analysewerkzeuge f\u00fcr tiefgreifende Kulturver\u00e4nderung und nachhaltige Organisationsentwicklung.<\/p>\n<p>Die GS Consult GmbH begleitet Unternehmen aller Branchen dabei, die GBPsych als strategisches OE-Instrument zu nutzen \u2013 fundiert, praxisnah und mit dem Blick auf echte Ver\u00e4nderung.<\/p>","protected":false},"featured_media":4509,"template":"","format":[92],"meta":{"_acf_changed":false},"kursformat":[79],"leistungsart":[26,29,27,28],"leistungsunterart":[],"sprache":[72],"themenwelt":[82,85,83,84],"zielgruppe":[88,89,91,90],"product_brand":[],"product_cat":[45],"product_tag":[],"class_list":{"0":"post-4493","1":"product","2":"type-product","3":"status-publish","4":"has-post-thumbnail","6":"format-online","7":"kursformat-seminar","8":"leistungsart-fuehrung-leadership","9":"leistungsart-arbeitsrecht-mitbestimmung","10":"leistungsart-gesundheit-zusammenarbeit","11":"leistungsart-perspektiven-entwicklung","12":"sprache-deutsch","13":"themenwelt-arbeitsrecht-mitbestimmung","14":"themenwelt-fuehrung-entwicklung","15":"themenwelt-gesundheit-wiedereinstieg","16":"themenwelt-veraenderung-gestalten","17":"zielgruppe-arbeitnehmervertretungen","18":"zielgruppe-fuehrungskraefte","19":"zielgruppe-geschaeftsfuehrung-entscheidungstraegerinnen","20":"zielgruppe-hr-personalverantwortliche","21":"product_cat-unkategorisiert","23":"first","24":"instock","25":"taxable","26":"shipping-taxable","27":"purchasable","28":"product-type-variable","29":"has-default-attributes"},"acf":[],"_links":{"self":[{"href":"https:\/\/www.gsconsult.de\/en\/wp-json\/wp\/v2\/product\/4493","targetHints":{"allow":["GET"]}}],"collection":[{"href":"https:\/\/www.gsconsult.de\/en\/wp-json\/wp\/v2\/product"}],"about":[{"href":"https:\/\/www.gsconsult.de\/en\/wp-json\/wp\/v2\/types\/product"}],"wp:featuredmedia":[{"embeddable":true,"href":"https:\/\/www.gsconsult.de\/en\/wp-json\/wp\/v2\/media\/4509"}],"wp:attachment":[{"href":"https:\/\/www.gsconsult.de\/en\/wp-json\/wp\/v2\/media?parent=4493"}],"wp:term":[{"taxonomy":"format","embeddable":true,"href":"https:\/\/www.gsconsult.de\/en\/wp-json\/wp\/v2\/format?post=4493"},{"taxonomy":"kursformat","embeddable":true,"href":"https:\/\/www.gsconsult.de\/en\/wp-json\/wp\/v2\/kursformat?post=4493"},{"taxonomy":"leistungsart","embeddable":true,"href":"https:\/\/www.gsconsult.de\/en\/wp-json\/wp\/v2\/leistungsart?post=4493"},{"taxonomy":"leistungsunterart","embeddable":true,"href":"https:\/\/www.gsconsult.de\/en\/wp-json\/wp\/v2\/leistungsunterart?post=4493"},{"taxonomy":"sprache","embeddable":true,"href":"https:\/\/www.gsconsult.de\/en\/wp-json\/wp\/v2\/sprache?post=4493"},{"taxonomy":"themenwelt","embeddable":true,"href":"https:\/\/www.gsconsult.de\/en\/wp-json\/wp\/v2\/themenwelt?post=4493"},{"taxonomy":"zielgruppe","embeddable":true,"href":"https:\/\/www.gsconsult.de\/en\/wp-json\/wp\/v2\/zielgruppe?post=4493"},{"taxonomy":"product_brand","embeddable":true,"href":"https:\/\/www.gsconsult.de\/en\/wp-json\/wp\/v2\/product_brand?post=4493"},{"taxonomy":"product_cat","embeddable":true,"href":"https:\/\/www.gsconsult.de\/en\/wp-json\/wp\/v2\/product_cat?post=4493"},{"taxonomy":"product_tag","embeddable":true,"href":"https:\/\/www.gsconsult.de\/en\/wp-json\/wp\/v2\/product_tag?post=4493"}],"curies":[{"name":"wp","href":"https:\/\/api.w.org\/{rel}","templated":true}]}}