{"id":808,"date":"2025-05-21T16:21:20","date_gmt":"2025-05-21T14:21:20","guid":{"rendered":"https:\/\/www.gsconsult.de\/?post_type=product&#038;p=808"},"modified":"2026-03-17T11:12:05","modified_gmt":"2026-03-17T10:12:05","slug":"herausfordernde-gespraeche-meistern","status":"publish","type":"product","link":"https:\/\/www.gsconsult.de\/en\/product\/herausfordernde-gespraeche-meistern\/","title":{"rendered":"Herausfordernde Gespr\u00e4che meistern"},"content":{"rendered":"<p>In unserem praxisnahen Training lernen Sie, schwierige Gespr\u00e4chssituationen souver\u00e4n und l\u00f6sungsorientiert zu meistern. Sie entwickeln Strategien, mit denen Sie sowohl klar als auch empathisch kommunizieren und so das Engagement, die Leistungsf\u00e4higkeit und das Vertrauen im Team nachhaltig st\u00e4rken.<\/p>","protected":false},"excerpt":{"rendered":"<p>Als F\u00fchrungskraft stehen Sie immer wieder vor herausfordernden Gespr\u00e4chen \u2013 sei es mit Mitarbeitenden, die ihre Leistung nicht abrufen, oder mit solchen, die das Miteinander im Team belasten. Solche Gespr\u00e4che sind oft emotional aufgeladen, k\u00f6nnen aber entscheidend sein, um Vertrauen aufzubauen und Ver\u00e4nderungen einzuleiten.<\/p>","protected":false},"featured_media":2550,"template":"","format":[92,94],"meta":{"_acf_changed":false},"kursformat":[76],"leistungsart":[26,27],"leistungsunterart":[21],"sprache":[72,73],"themenwelt":[84,85],"zielgruppe":[89],"product_brand":[],"product_cat":[45],"product_tag":[],"class_list":{"0":"post-808","1":"product","2":"type-product","3":"status-publish","4":"has-post-thumbnail","6":"format-online","7":"format-praesenz-auf-anfrage","8":"kursformat-training","9":"leistungsart-fuehrung-leadership","10":"leistungsart-gesundheit-zusammenarbeit","11":"leistungsunterart-konfliktmanagement","12":"sprache-deutsch","13":"sprache-englisch","14":"themenwelt-veraenderung-gestalten","15":"themenwelt-fuehrung-entwicklung","16":"zielgruppe-fuehrungskraefte","17":"product_cat-unkategorisiert","19":"first","20":"outofstock","21":"taxable","22":"shipping-taxable","23":"purchasable","24":"product-type-variable","25":"has-default-attributes"},"acf":[],"_links":{"self":[{"href":"https:\/\/www.gsconsult.de\/en\/wp-json\/wp\/v2\/product\/808","targetHints":{"allow":["GET"]}}],"collection":[{"href":"https:\/\/www.gsconsult.de\/en\/wp-json\/wp\/v2\/product"}],"about":[{"href":"https:\/\/www.gsconsult.de\/en\/wp-json\/wp\/v2\/types\/product"}],"wp:featuredmedia":[{"embeddable":true,"href":"https:\/\/www.gsconsult.de\/en\/wp-json\/wp\/v2\/media\/2550"}],"wp:attachment":[{"href":"https:\/\/www.gsconsult.de\/en\/wp-json\/wp\/v2\/media?parent=808"}],"wp:term":[{"taxonomy":"format","embeddable":true,"href":"https:\/\/www.gsconsult.de\/en\/wp-json\/wp\/v2\/format?post=808"},{"taxonomy":"kursformat","embeddable":true,"href":"https:\/\/www.gsconsult.de\/en\/wp-json\/wp\/v2\/kursformat?post=808"},{"taxonomy":"leistungsart","embeddable":true,"href":"https:\/\/www.gsconsult.de\/en\/wp-json\/wp\/v2\/leistungsart?post=808"},{"taxonomy":"leistungsunterart","embeddable":true,"href":"https:\/\/www.gsconsult.de\/en\/wp-json\/wp\/v2\/leistungsunterart?post=808"},{"taxonomy":"sprache","embeddable":true,"href":"https:\/\/www.gsconsult.de\/en\/wp-json\/wp\/v2\/sprache?post=808"},{"taxonomy":"themenwelt","embeddable":true,"href":"https:\/\/www.gsconsult.de\/en\/wp-json\/wp\/v2\/themenwelt?post=808"},{"taxonomy":"zielgruppe","embeddable":true,"href":"https:\/\/www.gsconsult.de\/en\/wp-json\/wp\/v2\/zielgruppe?post=808"},{"taxonomy":"product_brand","embeddable":true,"href":"https:\/\/www.gsconsult.de\/en\/wp-json\/wp\/v2\/product_brand?post=808"},{"taxonomy":"product_cat","embeddable":true,"href":"https:\/\/www.gsconsult.de\/en\/wp-json\/wp\/v2\/product_cat?post=808"},{"taxonomy":"product_tag","embeddable":true,"href":"https:\/\/www.gsconsult.de\/en\/wp-json\/wp\/v2\/product_tag?post=808"}],"curies":[{"name":"wp","href":"https:\/\/api.w.org\/{rel}","templated":true}]}}