{"id":987,"date":"2025-05-22T16:15:33","date_gmt":"2025-05-22T14:15:33","guid":{"rendered":"https:\/\/www.gsconsult.de\/?post_type=product&#038;p=987"},"modified":"2026-03-17T10:33:36","modified_gmt":"2026-03-17T09:33:36","slug":"bem-seminar-modul-1","status":"publish","type":"product","link":"https:\/\/www.gsconsult.de\/en\/product\/bem-seminar-modul-1\/","title":{"rendered":"BEM I-III"},"content":{"rendered":"","protected":false},"excerpt":{"rendered":"<p>Das betriebliche Eingliederungsmanagement (BEM) begleitet Mitarbeitende, die innerhalb von zw\u00f6lf Monaten l\u00e4nger als sechs Wochen krankheitsbedingt ausgefallen sind. Der BEM-Prozess unterst\u00fctzt sowohl die betroffenen Mitarbeitenden als auch das Unternehmen dabei, Arbeitsf\u00e4higkeit, Gesundheit und Besch\u00e4ftigung langfristig zu sichern.<\/p>\n<p>In unserem praxisnahen Training lernen alle Beteiligten \u2013 F\u00fchrungskr\u00e4fte, Personalabteilung und Betriebs-\/Personalrat \u2013 den\u00a0<strong>gesamten BEM-Prozess<\/strong>: von den rechtlichen Grundlagen \u00fcber die Rollen der Beteiligten und die Planung des Ablaufs, bis hin zur Durchf\u00fchrung von Gespr\u00e4chen, der Entwicklung individueller Ma\u00dfnahmen und der erfolgreichen Wiedereingliederung. Sie erfahren, wie Sie den Prozess rechtlich korrekt, strukturiert und gleichzeitig empathisch gestalten, Ma\u00dfnahmen passgenau entwickeln und deren Wirksamkeit nachhaltig \u00fcberpr\u00fcfen.<\/p>\n<p>Das Training vermittelt Ihnen Sicherheit in allen Phasen des BEM-Prozesses und zeigt, wie Sie\u00a0Prozesse, Gespr\u00e4che und Ma\u00dfnahmen systematisch steuern, um Mitarbeitende wertsch\u00e4tzend zu unterst\u00fctzen und gleichzeitig Unternehmensinteressen zu wahren.<\/p>","protected":false},"featured_media":2498,"template":"","format":[92],"meta":{"_acf_changed":false},"kursformat":[79,76],"leistungsart":[29],"leistungsunterart":[21],"sprache":[72],"themenwelt":[83],"zielgruppe":[90,101,100,99],"product_brand":[],"product_cat":[45],"product_tag":[],"class_list":{"0":"post-987","1":"product","2":"type-product","3":"status-publish","4":"has-post-thumbnail","6":"format-online","7":"kursformat-seminar","8":"kursformat-training","9":"leistungsart-arbeitsrecht-mitbestimmung","10":"leistungsunterart-konfliktmanagement","11":"sprache-deutsch","12":"themenwelt-gesundheit-wiedereinstieg","13":"zielgruppe-hr-personalverantwortliche","14":"zielgruppe-bem-verantwortliche","15":"zielgruppe-betriebs-und-personalraete","16":"zielgruppe-mitglieder-in-bem-teams","17":"product_cat-unkategorisiert","19":"first","20":"instock","21":"taxable","22":"shipping-taxable","23":"purchasable","24":"product-type-variable","25":"has-default-attributes"},"acf":[],"_links":{"self":[{"href":"https:\/\/www.gsconsult.de\/en\/wp-json\/wp\/v2\/product\/987","targetHints":{"allow":["GET"]}}],"collection":[{"href":"https:\/\/www.gsconsult.de\/en\/wp-json\/wp\/v2\/product"}],"about":[{"href":"https:\/\/www.gsconsult.de\/en\/wp-json\/wp\/v2\/types\/product"}],"wp:featuredmedia":[{"embeddable":true,"href":"https:\/\/www.gsconsult.de\/en\/wp-json\/wp\/v2\/media\/2498"}],"wp:attachment":[{"href":"https:\/\/www.gsconsult.de\/en\/wp-json\/wp\/v2\/media?parent=987"}],"wp:term":[{"taxonomy":"format","embeddable":true,"href":"https:\/\/www.gsconsult.de\/en\/wp-json\/wp\/v2\/format?post=987"},{"taxonomy":"kursformat","embeddable":true,"href":"https:\/\/www.gsconsult.de\/en\/wp-json\/wp\/v2\/kursformat?post=987"},{"taxonomy":"leistungsart","embeddable":true,"href":"https:\/\/www.gsconsult.de\/en\/wp-json\/wp\/v2\/leistungsart?post=987"},{"taxonomy":"leistungsunterart","embeddable":true,"href":"https:\/\/www.gsconsult.de\/en\/wp-json\/wp\/v2\/leistungsunterart?post=987"},{"taxonomy":"sprache","embeddable":true,"href":"https:\/\/www.gsconsult.de\/en\/wp-json\/wp\/v2\/sprache?post=987"},{"taxonomy":"themenwelt","embeddable":true,"href":"https:\/\/www.gsconsult.de\/en\/wp-json\/wp\/v2\/themenwelt?post=987"},{"taxonomy":"zielgruppe","embeddable":true,"href":"https:\/\/www.gsconsult.de\/en\/wp-json\/wp\/v2\/zielgruppe?post=987"},{"taxonomy":"product_brand","embeddable":true,"href":"https:\/\/www.gsconsult.de\/en\/wp-json\/wp\/v2\/product_brand?post=987"},{"taxonomy":"product_cat","embeddable":true,"href":"https:\/\/www.gsconsult.de\/en\/wp-json\/wp\/v2\/product_cat?post=987"},{"taxonomy":"product_tag","embeddable":true,"href":"https:\/\/www.gsconsult.de\/en\/wp-json\/wp\/v2\/product_tag?post=987"}],"curies":[{"name":"wp","href":"https:\/\/api.w.org\/{rel}","templated":true}]}}